{"id":8787,"date":"2022-10-17T13:06:17","date_gmt":"2022-10-17T11:06:17","guid":{"rendered":"https:\/\/hella.academy\/product\/non%20class\u00e9\/systemes-haute-tension-1-travailler-en-toute-securite-sur-les-vehicules-electriques-y-compris-la-certification\/"},"modified":"2025-10-25T01:43:21","modified_gmt":"2025-10-24T23:43:21","slug":"systemes-haute-tension-1-travailler-en-toute-securite-sur-les-vehicules-electriques-y-compris-la-certification","status":"publish","type":"product","link":"https:\/\/hella.academy\/fr\/product\/systemes-haute-tension\/systemes-haute-tension-1-travailler-en-toute-securite-sur-les-vehicules-electriques-y-compris-la-certification\/","title":{"rendered":"Syst\u00e8mes haute tension 1 &#8211; travailler en toute s\u00e9curit\u00e9 sur les v\u00e9hicules \u00e9lectriques (y compris la certification)"},"content":{"rendered":"<h1><strong>Syst\u00e8mes \u00e0 haute tension &#8211; travailler en toute s\u00e9curit\u00e9 sur les v\u00e9hicules \u00e9lectriques<\/strong><\/h1>\n<h2><strong>y compris la certification <\/strong><\/h2>\n<ul>\n<li>Effectuez-vous des travaux sur des voitures \u00e9lectriques ou hybrides ?<\/li>\n<li>Avez-vous besoin de r\u00e9cup\u00e9rer des voitures \u00e9lectriques ou hybrides ?<\/li>\n<li>D\u00e9veloppez-vous des syst\u00e8mes haute tension pour les v\u00e9hicules \u00e9lectriques ?<\/li>\n<\/ul>\n<p>Pour se conformer \u00e0 la loi sur les conditions de travail (Arbowet), la norme NEN9140 s&rsquo;applique.<\/p>\n<p>En 2019, la r\u00e9vision de la norme NEN9140 \u00ab\u00a0Travailler en toute s\u00e9curit\u00e9 sur les v\u00e9hicules \u00e9lectriques\u00a0\u00bb a \u00e9t\u00e9 publi\u00e9e. Cette norme vise \u00e0 \u00e9liminer les risques li\u00e9s au travail sur les v\u00e9hicules \u00e9lectriques. Le respect de la norme NEN9140 garantit la conformit\u00e9 avec la loi sur les conditions de travail.  <\/p>\n<p>La norme NEN9140 est la norme sp\u00e9cifique \u00e0 l&rsquo;industrie automobile. Elle s&rsquo;applique \u00e0 toutes les entreprises de l&rsquo;industrie automobile qui effectuent des travaux sur des v\u00e9hicules \u00e9lectriques, telles que les entreprises automobiles, les entreprises de r\u00e9paration de dommages, les entreprises de d\u00e9montage, les entreprises de r\u00e9cup\u00e9ration et les entreprises de nettoyage de v\u00e9hicules. Toutes les personnes travaillant sur, avec ou \u00e0 proximit\u00e9 de v\u00e9hicules \u00e9lectriques doivent s&rsquo;y conformer !  <\/p>\n<h2><strong>Cible<\/strong><\/h2>\n<p>Le participant est capable de :<\/p>\n<ul>\n<li>\u00e9liminez les risques lorsque vous travaillez sur des v\u00e9hicules \u00e9lectriques<\/li>\n<li>appliquer le NEN9140 de mani\u00e8re th\u00e9orique et pratique<\/li>\n<li>disposer d&rsquo;une documentation en ordre<\/li>\n<\/ul>\n<h2><strong>Cible<\/strong><\/h2>\n<p>Propri\u00e9taires, gestionnaires, employ\u00e9s qui entrent en contact avec les v\u00e9hicules \u00e9lectriques.<\/p>\n<h2><strong>Programme<\/strong><\/h2>\n<p>Le programme comprend<\/p>\n<ul>\n<li>e-learning pr\u00e9paratoire<\/li>\n<li>atelier th\u00e9orique<\/li>\n<li>s\u00e9ance d&rsquo;entra\u00eenement<\/li>\n<li>test de connaissances final<\/li>\n<\/ul>\n","protected":false},"excerpt":{"rendered":"<p>Syst\u00e8mes \u00e0 haute tension &#8211; travailler en toute s\u00e9curit\u00e9 sur les v\u00e9hicules \u00e9lectriques y compris la certification Effectuez-vous des travaux sur des voitures \u00e9lectriques ou hybrides ? Avez-vous besoin de r\u00e9cup\u00e9rer des voitures \u00e9lectriques ou hybrides ? D\u00e9veloppez-vous des syst\u00e8mes haute tension pour les v\u00e9hicules \u00e9lectriques ? Pour se conformer \u00e0 la loi sur les [&hellip;]<\/p>\n","protected":false},"featured_media":8696,"comment_status":"open","ping_status":"closed","template":"","meta":{"_monsterinsights_skip_tracking":false,"_monsterinsights_sitenote_active":false,"_monsterinsights_sitenote_note":"","_monsterinsights_sitenote_category":0,"site-sidebar-layout":"default","site-content-layout":"default","ast-site-content-layout":"default","site-content-style":"default","site-sidebar-style":"default","ast-global-header-display":"","ast-banner-title-visibility":"","ast-main-header-display":"","ast-hfb-above-header-display":"","ast-hfb-below-header-display":"","ast-hfb-mobile-header-display":"","site-post-title":"","ast-breadcrumbs-content":"","ast-featured-img":"","footer-sml-layout":"","ast-disable-related-posts":"","theme-transparent-header-meta":"default","adv-header-id-meta":"","stick-header-meta":"default","header-above-stick-meta":"","header-main-stick-meta":"","header-below-stick-meta":"","astra-migrate-meta-layouts":"default","ast-page-background-enabled":"default","ast-page-background-meta":{"desktop":{"background-color":"var(--ast-global-color-4)","background-image":"","background-repeat":"repeat","background-position":"center center","background-size":"auto","background-attachment":"scroll","background-type":"","background-media":"","overlay-type":"","overlay-color":"","overlay-opacity":"","overlay-gradient":""},"tablet":{"background-color":"","background-image":"","background-repeat":"repeat","background-position":"center center","background-size":"auto","background-attachment":"scroll","background-type":"","background-media":"","overlay-type":"","overlay-color":"","overlay-opacity":"","overlay-gradient":""},"mobile":{"background-color":"","background-image":"","background-repeat":"repeat","background-position":"center center","background-size":"auto","background-attachment":"scroll","background-type":"","background-media":"","overlay-type":"","overlay-color":"","overlay-opacity":"","overlay-gradient":""}},"ast-content-background-meta":{"desktop":{"background-color":"var(--ast-global-color-5)","background-image":"","background-repeat":"repeat","background-position":"center center","background-size":"auto","background-attachment":"scroll","background-type":"","background-media":"","overlay-type":"","overlay-color":"","overlay-opacity":"","overlay-gradient":""},"tablet":{"background-color":"var(--ast-global-color-5)","background-image":"","background-repeat":"repeat","background-position":"center center","background-size":"auto","background-attachment":"scroll","background-type":"","background-media":"","overlay-type":"","overlay-color":"","overlay-opacity":"","overlay-gradient":""},"mobile":{"background-color":"var(--ast-global-color-5)","background-image":"","background-repeat":"repeat","background-position":"center center","background-size":"auto","background-attachment":"scroll","background-type":"","background-media":"","overlay-type":"","overlay-color":"","overlay-opacity":"","overlay-gradient":""}}},"product_brand":[],"product_cat":[254],"product_tag":[],"class_list":{"0":"post-8787","1":"product","2":"type-product","3":"status-publish","4":"has-post-thumbnail","6":"product_cat-systemes-haute-tension","7":"bookacti-activity","8":"desktop-align-left","9":"tablet-align-left","10":"mobile-align-left","11":"ast-product-gallery-layout-horizontal","12":"ast-product-gallery-with-no-image","13":"ast-magnify-disabled","14":"ast-product-tabs-layout-horizontal","16":"first","17":"instock","18":"featured","19":"virtual","20":"sold-individually","21":"taxable","22":"purchasable","23":"product-type-simple"},"_links":{"self":[{"href":"https:\/\/hella.academy\/fr\/wp-json\/wp\/v2\/product\/8787","targetHints":{"allow":["GET"]}}],"collection":[{"href":"https:\/\/hella.academy\/fr\/wp-json\/wp\/v2\/product"}],"about":[{"href":"https:\/\/hella.academy\/fr\/wp-json\/wp\/v2\/types\/product"}],"replies":[{"embeddable":true,"href":"https:\/\/hella.academy\/fr\/wp-json\/wp\/v2\/comments?post=8787"}],"wp:featuredmedia":[{"embeddable":true,"href":"https:\/\/hella.academy\/fr\/wp-json\/wp\/v2\/media\/8696"}],"wp:attachment":[{"href":"https:\/\/hella.academy\/fr\/wp-json\/wp\/v2\/media?parent=8787"}],"wp:term":[{"taxonomy":"product_brand","embeddable":true,"href":"https:\/\/hella.academy\/fr\/wp-json\/wp\/v2\/product_brand?post=8787"},{"taxonomy":"product_cat","embeddable":true,"href":"https:\/\/hella.academy\/fr\/wp-json\/wp\/v2\/product_cat?post=8787"},{"taxonomy":"product_tag","embeddable":true,"href":"https:\/\/hella.academy\/fr\/wp-json\/wp\/v2\/product_tag?post=8787"}],"curies":[{"name":"wp","href":"https:\/\/api.w.org\/{rel}","templated":true}]}}