{"id":8788,"date":"2022-10-17T13:06:17","date_gmt":"2022-10-17T11:06:17","guid":{"rendered":"https:\/\/hella.academy\/product\/non%20class\u00e9\/mega-macs-2-competences-diagnostiques\/"},"modified":"2025-10-25T01:43:09","modified_gmt":"2025-10-24T23:43:09","slug":"mega-macs-2-competences-diagnostiques","status":"publish","type":"product","link":"https:\/\/hella.academy\/fr\/product\/diagnostic\/mega-macs-2-competences-diagnostiques\/","title":{"rendered":"mega macs 2 &#8211; comp\u00e9tences diagnostiques"},"content":{"rendered":"<div><b>G\u00e9n\u00e9ral<\/b><\/div>\n<div>Dans cette formation, nous supposons que vous avez ma\u00eetris\u00e9 les bases du travail avec votre appareil de diagnostic mega macs et le fonctionnement g\u00e9n\u00e9ral des syst\u00e8mes de contr\u00f4le dans les v\u00e9hicules.<\/div>\n<div><\/div>\n<div>Nous passerons la journ\u00e9e \u00e0 mesurer activement divers syst\u00e8mes et v\u00e9hicules, en apprenant \u00e0 utiliser vos mega macs de mani\u00e8re efficace pour d\u00e9velopper de bonnes comp\u00e9tences en mati\u00e8re de diagnostic.<\/div>\n<div><\/div>\n<div>La formation se concentre sur l&rsquo;apprentissage de l&rsquo;application autonome des diff\u00e9rentes options d&rsquo;analyse et de mesure sur votre appareil de diagnostic Hella.<\/div>\n<div><\/div>\n<div>Au cours de la formation, les donn\u00e9es HGS sont utilis\u00e9es de mani\u00e8re intensive pour v\u00e9rifier les donn\u00e9es de mesure.<\/div>\n<div><\/div>\n<div>Les mesures comprennent :<\/div>\n<ul>\n<li>capteurs<\/li>\n<li>actionneurs<\/li>\n<li>dispositifs de direction<\/li>\n<li>CAN-bus<\/li>\n<\/ul>\n<div><\/div>\n<div>Sur les v\u00e9hicules suivants :<\/div>\n<ul>\n<li>moteurs \u00e0 essence<\/li>\n<li>moteurs diesel<\/li>\n<li>v\u00e9hicules \u00e9lectriques<\/li>\n<\/ul>\n<p><b>Objectif<\/b><\/p>\n<p>A l&rsquo;issue de cette formation, vous serez en mesure d&rsquo;utiliser de mani\u00e8re autonome et efficace les outils de diagnostic disponibles sur votre appareil de diagnostic. Vous apprendrez \u00e0 rechercher et \u00e0 mesurer diverses informations. <\/p>\n<p>Vous apprendrez \u00e0 effectuer des mesures \u00e0 l&rsquo;aide d&rsquo;un appareil de diagnostic Hella :<\/p>\n<ul>\n<li>param\u00e8tres disponibles<\/li>\n<li>Mesures de tension et de courant<\/li>\n<li>Mesures de la scopie<\/li>\n<li>Enregistrement de donn\u00e9es<\/li>\n<\/ul>\n","protected":false},"excerpt":{"rendered":"<p>G\u00e9n\u00e9ral Dans cette formation, nous supposons que vous avez ma\u00eetris\u00e9 les bases du travail avec votre appareil de diagnostic mega macs et le fonctionnement g\u00e9n\u00e9ral des syst\u00e8mes de contr\u00f4le dans les v\u00e9hicules. Nous passerons la journ\u00e9e \u00e0 mesurer activement divers syst\u00e8mes et v\u00e9hicules, en apprenant \u00e0 utiliser vos mega macs de mani\u00e8re efficace pour d\u00e9velopper [&hellip;]<\/p>\n","protected":false},"featured_media":8702,"comment_status":"open","ping_status":"closed","template":"","meta":{"_monsterinsights_skip_tracking":false,"_monsterinsights_sitenote_active":false,"_monsterinsights_sitenote_note":"","_monsterinsights_sitenote_category":0,"site-sidebar-layout":"default","site-content-layout":"default","ast-site-content-layout":"default","site-content-style":"default","site-sidebar-style":"default","ast-global-header-display":"","ast-banner-title-visibility":"","ast-main-header-display":"","ast-hfb-above-header-display":"","ast-hfb-below-header-display":"","ast-hfb-mobile-header-display":"","site-post-title":"","ast-breadcrumbs-content":"","ast-featured-img":"","footer-sml-layout":"","ast-disable-related-posts":"","theme-transparent-header-meta":"default","adv-header-id-meta":"","stick-header-meta":"default","header-above-stick-meta":"","header-main-stick-meta":"","header-below-stick-meta":"","astra-migrate-meta-layouts":"default","ast-page-background-enabled":"default","ast-page-background-meta":{"desktop":{"background-color":"var(--ast-global-color-4)","background-image":"","background-repeat":"repeat","background-position":"center center","background-size":"auto","background-attachment":"scroll","background-type":"","background-media":"","overlay-type":"","overlay-color":"","overlay-opacity":"","overlay-gradient":""},"tablet":{"background-color":"","background-image":"","background-repeat":"repeat","background-position":"center center","background-size":"auto","background-attachment":"scroll","background-type":"","background-media":"","overlay-type":"","overlay-color":"","overlay-opacity":"","overlay-gradient":""},"mobile":{"background-color":"","background-image":"","background-repeat":"repeat","background-position":"center center","background-size":"auto","background-attachment":"scroll","background-type":"","background-media":"","overlay-type":"","overlay-color":"","overlay-opacity":"","overlay-gradient":""}},"ast-content-background-meta":{"desktop":{"background-color":"var(--ast-global-color-5)","background-image":"","background-repeat":"repeat","background-position":"center center","background-size":"auto","background-attachment":"scroll","background-type":"","background-media":"","overlay-type":"","overlay-color":"","overlay-opacity":"","overlay-gradient":""},"tablet":{"background-color":"var(--ast-global-color-5)","background-image":"","background-repeat":"repeat","background-position":"center center","background-size":"auto","background-attachment":"scroll","background-type":"","background-media":"","overlay-type":"","overlay-color":"","overlay-opacity":"","overlay-gradient":""},"mobile":{"background-color":"var(--ast-global-color-5)","background-image":"","background-repeat":"repeat","background-position":"center center","background-size":"auto","background-attachment":"scroll","background-type":"","background-media":"","overlay-type":"","overlay-color":"","overlay-opacity":"","overlay-gradient":""}}},"product_brand":[],"product_cat":[253],"product_tag":[],"class_list":{"0":"post-8788","1":"product","2":"type-product","3":"status-publish","4":"has-post-thumbnail","6":"product_cat-diagnostic","7":"bookacti-activity","8":"desktop-align-left","9":"tablet-align-left","10":"mobile-align-left","11":"ast-product-gallery-layout-horizontal","12":"ast-product-gallery-with-no-image","13":"ast-magnify-disabled","14":"ast-product-tabs-layout-horizontal","16":"first","17":"instock","18":"featured","19":"virtual","20":"sold-individually","21":"taxable","22":"purchasable","23":"product-type-simple"},"_links":{"self":[{"href":"https:\/\/hella.academy\/fr\/wp-json\/wp\/v2\/product\/8788","targetHints":{"allow":["GET"]}}],"collection":[{"href":"https:\/\/hella.academy\/fr\/wp-json\/wp\/v2\/product"}],"about":[{"href":"https:\/\/hella.academy\/fr\/wp-json\/wp\/v2\/types\/product"}],"replies":[{"embeddable":true,"href":"https:\/\/hella.academy\/fr\/wp-json\/wp\/v2\/comments?post=8788"}],"wp:featuredmedia":[{"embeddable":true,"href":"https:\/\/hella.academy\/fr\/wp-json\/wp\/v2\/media\/8702"}],"wp:attachment":[{"href":"https:\/\/hella.academy\/fr\/wp-json\/wp\/v2\/media?parent=8788"}],"wp:term":[{"taxonomy":"product_brand","embeddable":true,"href":"https:\/\/hella.academy\/fr\/wp-json\/wp\/v2\/product_brand?post=8788"},{"taxonomy":"product_cat","embeddable":true,"href":"https:\/\/hella.academy\/fr\/wp-json\/wp\/v2\/product_cat?post=8788"},{"taxonomy":"product_tag","embeddable":true,"href":"https:\/\/hella.academy\/fr\/wp-json\/wp\/v2\/product_tag?post=8788"}],"curies":[{"name":"wp","href":"https:\/\/api.w.org\/{rel}","templated":true}]}}