{"id":8805,"date":"2022-10-17T13:06:17","date_gmt":"2022-10-17T11:06:17","guid":{"rendered":"https:\/\/hella.academy\/product\/non%20class\u00e9\/systemes-a-haute-tension-2-connaissance-des-systemes\/"},"modified":"2025-10-25T01:43:33","modified_gmt":"2025-10-24T23:43:33","slug":"systemes-a-haute-tension-2-connaissance-des-systemes","status":"publish","type":"product","link":"https:\/\/hella.academy\/fr\/product\/systemes-haute-tension\/systemes-a-haute-tension-2-connaissance-des-systemes\/","title":{"rendered":"Syst\u00e8mes \u00e0 haute tension 2 &#8211; connaissance des syst\u00e8mes"},"content":{"rendered":"<h1><b>Syst\u00e8mes \u00e0 haute tension 2 &#8211; connaissance des syst\u00e8mes<\/b><\/h1>\n<h2><b>y compris le certificat de participation \u00ab\u00a0Syst\u00e8mes \u00e0 haute tension &#8211; connaissance des syst\u00e8mes\u00a0\u00bb. <\/b><\/h2>\n<ul>\n<li>Vous d\u00e9montez des v\u00e9hicules \u00e9quip\u00e9s d&rsquo;un syst\u00e8me \u00e0 haute tension ?<\/li>\n<li>Effectuez-vous des r\u00e9parations sur des voitures \u00e9lectriques ou hybrides ?<\/li>\n<li>Avez-vous besoin de r\u00e9cup\u00e9rer des voitures \u00e9lectriques ou hybrides ?<\/li>\n<li>Vous entretenez ou r\u00e9parez des v\u00e9hicules \u00e9quip\u00e9s d&rsquo;un syst\u00e8me \u00e0 haute tension ?<\/li>\n<\/ul>\n<p>Il est donc important d&rsquo;avoir des connaissances et des comp\u00e9tences de base en mati\u00e8re de syst\u00e8mes \u00e0 haute tension. Connaissance de la configuration des diff\u00e9rents syst\u00e8mes haute tension. Syst\u00e8mes haute tension appliqu\u00e9s dans un BEV, HEV, PHEV ou un FCEV. Outre la configuration, cette formation couvre \u00e9galement les fonctions et le fonctionnement des composants g\u00e9n\u00e9riques haute tension.   <\/p>\n<p>Composants g\u00e9n\u00e9riques de haute tension tels que<\/p>\n<ul>\n<li>e-machine<\/li>\n<li>onduleur<\/li>\n<li>batterie haute tension<\/li>\n<li>convertisseur \u00e9l\u00e9vateur<\/li>\n<li>convertisseur c.c.-c.c.<\/li>\n<li>chargeur<\/li>\n<\/ul>\n<p>Ce cours de formation pratique laisse \u00e9galement une place \u00e0 la pratique. Il s&rsquo;agit de travailler sur des voitures \u00e9lectriques modernes. Des appareils de mesure et de diagnostic sont utilis\u00e9s pour effectuer des mesures sur des syst\u00e8mes \u00e0 haute tension afin d&rsquo;en d\u00e9terminer le bon fonctionnement.  <\/p>\n<p>Apr\u00e8s avoir suivi avec succ\u00e8s cette formation, vous recevrez un certificat de participation \u00ab\u00a0Syst\u00e8mes \u00e0 haute tension &#8211; connaissance des syst\u00e8mes\u00a0\u00bb. Ce certificat de participation, en combinaison avec le certificat NEN9140 -safe working on e-vehicles- peut \u00eatre utilis\u00e9 pour remplir la d\u00e9signation \u00e9crite VOP ou VP. <\/p>\n<h2><b>Cible<\/b><\/h2>\n<p>Le participant est capable de :<\/p>\n<ul>\n<li>reconna\u00eetre la configuration d&rsquo;un syst\u00e8me \u00e0 haute tension<\/li>\n<li>expliquer la fonction et le fonctionnement d&rsquo;un composant g\u00e9n\u00e9rique \u00e0 haute tension<\/li>\n<li>pouvoir effectuer des mesures sur des syst\u00e8mes \u00e0 haute tension<\/li>\n<\/ul>\n<h2><b>Cible<\/b><\/h2>\n<p>Techniciens travaillant sur ou avec des v\u00e9hicules \u00e9lectriques.<\/p>\n<h2><b>Programme<\/b><\/h2>\n<p>Le programme comprend<\/p>\n<ul>\n<li>e-learning pr\u00e9paratoire<\/li>\n<li>atelier th\u00e9orique<\/li>\n<li>sessions pratiques<\/li>\n<\/ul>\n<p>La formation\/certification est dispens\u00e9e dans trois centres de formation. En outre, la formation peut \u00e9galement \u00eatre dispens\u00e9e sur place (en entreprise), en fonction du nombre de demandes. <\/p>\n<p>&nbsp;<\/p>\n","protected":false},"excerpt":{"rendered":"<p>Syst\u00e8mes \u00e0 haute tension 2 &#8211; connaissance des syst\u00e8mes y compris le certificat de participation \u00ab\u00a0Syst\u00e8mes \u00e0 haute tension &#8211; connaissance des syst\u00e8mes\u00a0\u00bb. Vous d\u00e9montez des v\u00e9hicules \u00e9quip\u00e9s d&rsquo;un syst\u00e8me \u00e0 haute tension ? Effectuez-vous des r\u00e9parations sur des voitures \u00e9lectriques ou hybrides ? Avez-vous besoin de r\u00e9cup\u00e9rer des voitures \u00e9lectriques ou hybrides ? Vous [&hellip;]<\/p>\n","protected":false},"featured_media":8695,"comment_status":"open","ping_status":"closed","template":"","meta":{"_monsterinsights_skip_tracking":false,"_monsterinsights_sitenote_active":false,"_monsterinsights_sitenote_note":"","_monsterinsights_sitenote_category":0,"site-sidebar-layout":"default","site-content-layout":"default","ast-site-content-layout":"default","site-content-style":"default","site-sidebar-style":"default","ast-global-header-display":"","ast-banner-title-visibility":"","ast-main-header-display":"","ast-hfb-above-header-display":"","ast-hfb-below-header-display":"","ast-hfb-mobile-header-display":"","site-post-title":"","ast-breadcrumbs-content":"","ast-featured-img":"","footer-sml-layout":"","ast-disable-related-posts":"","theme-transparent-header-meta":"default","adv-header-id-meta":"","stick-header-meta":"default","header-above-stick-meta":"","header-main-stick-meta":"","header-below-stick-meta":"","astra-migrate-meta-layouts":"default","ast-page-background-enabled":"default","ast-page-background-meta":{"desktop":{"background-color":"var(--ast-global-color-4)","background-image":"","background-repeat":"repeat","background-position":"center center","background-size":"auto","background-attachment":"scroll","background-type":"","background-media":"","overlay-type":"","overlay-color":"","overlay-opacity":"","overlay-gradient":""},"tablet":{"background-color":"","background-image":"","background-repeat":"repeat","background-position":"center center","background-size":"auto","background-attachment":"scroll","background-type":"","background-media":"","overlay-type":"","overlay-color":"","overlay-opacity":"","overlay-gradient":""},"mobile":{"background-color":"","background-image":"","background-repeat":"repeat","background-position":"center center","background-size":"auto","background-attachment":"scroll","background-type":"","background-media":"","overlay-type":"","overlay-color":"","overlay-opacity":"","overlay-gradient":""}},"ast-content-background-meta":{"desktop":{"background-color":"var(--ast-global-color-5)","background-image":"","background-repeat":"repeat","background-position":"center center","background-size":"auto","background-attachment":"scroll","background-type":"","background-media":"","overlay-type":"","overlay-color":"","overlay-opacity":"","overlay-gradient":""},"tablet":{"background-color":"var(--ast-global-color-5)","background-image":"","background-repeat":"repeat","background-position":"center center","background-size":"auto","background-attachment":"scroll","background-type":"","background-media":"","overlay-type":"","overlay-color":"","overlay-opacity":"","overlay-gradient":""},"mobile":{"background-color":"var(--ast-global-color-5)","background-image":"","background-repeat":"repeat","background-position":"center center","background-size":"auto","background-attachment":"scroll","background-type":"","background-media":"","overlay-type":"","overlay-color":"","overlay-opacity":"","overlay-gradient":""}}},"product_brand":[],"product_cat":[254],"product_tag":[],"class_list":{"0":"post-8805","1":"product","2":"type-product","3":"status-publish","4":"has-post-thumbnail","6":"product_cat-systemes-haute-tension","7":"bookacti-activity","8":"desktop-align-left","9":"tablet-align-left","10":"mobile-align-left","11":"ast-product-gallery-layout-horizontal","12":"ast-magnify-disabled","13":"ast-product-tabs-layout-horizontal","15":"first","16":"instock","17":"virtual","18":"sold-individually","19":"taxable","20":"purchasable","21":"product-type-simple"},"_links":{"self":[{"href":"https:\/\/hella.academy\/fr\/wp-json\/wp\/v2\/product\/8805","targetHints":{"allow":["GET"]}}],"collection":[{"href":"https:\/\/hella.academy\/fr\/wp-json\/wp\/v2\/product"}],"about":[{"href":"https:\/\/hella.academy\/fr\/wp-json\/wp\/v2\/types\/product"}],"replies":[{"embeddable":true,"href":"https:\/\/hella.academy\/fr\/wp-json\/wp\/v2\/comments?post=8805"}],"wp:featuredmedia":[{"embeddable":true,"href":"https:\/\/hella.academy\/fr\/wp-json\/wp\/v2\/media\/8695"}],"wp:attachment":[{"href":"https:\/\/hella.academy\/fr\/wp-json\/wp\/v2\/media?parent=8805"}],"wp:term":[{"taxonomy":"product_brand","embeddable":true,"href":"https:\/\/hella.academy\/fr\/wp-json\/wp\/v2\/product_brand?post=8805"},{"taxonomy":"product_cat","embeddable":true,"href":"https:\/\/hella.academy\/fr\/wp-json\/wp\/v2\/product_cat?post=8805"},{"taxonomy":"product_tag","embeddable":true,"href":"https:\/\/hella.academy\/fr\/wp-json\/wp\/v2\/product_tag?post=8805"}],"curies":[{"name":"wp","href":"https:\/\/api.w.org\/{rel}","templated":true}]}}