{"id":8806,"date":"2022-10-17T13:06:17","date_gmt":"2022-10-17T11:06:17","guid":{"rendered":"https:\/\/hella.academy\/product\/non%20class\u00e9\/adas-1-configuration-et-etalonnage\/"},"modified":"2025-10-25T01:43:44","modified_gmt":"2025-10-24T23:43:44","slug":"adas-1-configuration-et-etalonnage","status":"publish","type":"product","link":"https:\/\/hella.academy\/fr\/product\/systemes-daide-a-la-conduite\/adas-1-configuration-et-etalonnage\/","title":{"rendered":"ADAS 1 &#8211; configuration et \u00e9talonnage"},"content":{"rendered":"<h1><b>ADAS &#8211; configuration et \u00e9talonnage<\/b><\/h1>\n<p>Les syst\u00e8mes d&rsquo;aide \u00e0 la conduite, ou syst\u00e8mes ADAS, sont aujourd&rsquo;hui plus la r\u00e8gle que l&rsquo;exception dans les parcs automobiles modernes. Que vous travailliez dans un atelier de carrosserie, de r\u00e9paration de pare-brise ou dans une entreprise automobile, tout le monde est confront\u00e9 \u00e0 ces syst\u00e8mes. Comment g\u00e9rer ces syst\u00e8mes dans le cadre de votre travail ? Quand devez-vous les v\u00e9rifier ou m\u00eame les calibrer apr\u00e8s une r\u00e9paration ?   <\/p>\n<p>Dans cette formation, nous vous enseignerons les bases des diff\u00e9rents syst\u00e8mes actuellement disponibles sur le march\u00e9, tels que<\/p>\n<ul>\n<li>Les syst\u00e8mes de cam\u00e9ras du v\u00e9hicule qui vous aident \u00e0 garder votre trajectoire, \u00e0 vous garer ou \u00e0 faire marche arri\u00e8re. Apr\u00e8s plusieurs r\u00e9parations du v\u00e9hicule, la cam\u00e9ra frontale doit \u00eatre calibr\u00e9e selon les sp\u00e9cifications du fabricant. <\/li>\n<li>Les syst\u00e8mes \u00e0 base de radar ou de laser (r\u00e9gulateur de vitesse adaptatif, Lidar, etc.), qui vous aident \u00e0 surveiller la distance par rapport aux objets ou aux autres usagers de la route. Ces syst\u00e8mes n\u00e9cessitent \u00e9galement un \u00e9talonnage apr\u00e8s avoir effectu\u00e9 certaines op\u00e9rations. <\/li>\n<\/ul>\n<p>Au cours de cette formation, nous aborderons les diff\u00e9rents types de capteurs et la mani\u00e8re dont ils fonctionnent et peuvent \u00eatre calibr\u00e9s. Nous effectuerons activement des \u00e9talonnages sur diff\u00e9rents syst\u00e8mes d&rsquo;aide \u00e0 la conduite en utilisant les outils et accessoires CSC de Hella Gutmann. <\/p>\n<p>\u00c9vitez les probl\u00e8mes avec vos clients dus \u00e0 des syst\u00e8mes incorrects ou non calibr\u00e9s apr\u00e8s une r\u00e9paration et pr\u00e9parez l&rsquo;avenir avec nous.<\/p>\n<h2><b>Cible<\/b><\/h2>\n<ul>\n<li>Le participant est familiaris\u00e9 avec les derniers syst\u00e8mes d&rsquo;aide \u00e0 la conduite bas\u00e9s sur des cam\u00e9ras, tels que les syst\u00e8mes d&rsquo;assistance au maintien de la voie (LKA) et d&rsquo;alerte de sortie de voie (LDW).<\/li>\n<li>Le participant conna\u00eet la structure et les composants associ\u00e9s des syst\u00e8mes de cam\u00e9ras avant, arri\u00e8re et d&rsquo;ambiance.<\/li>\n<li>Le participant est capable d&rsquo;utiliser tous les \u00e9quipements et instruments n\u00e9cessaires \u00e0 l&rsquo;\u00e9talonnage des syst\u00e8mes de cam\u00e9ras.<\/li>\n<li>Le participant conna\u00eet les entr\u00e9es et les param\u00e8tres de la m\u00e9moire des erreurs li\u00e9es au syst\u00e8me et est capable de les interpr\u00e9ter.<\/li>\n<\/ul>\n<h2><b>Cible<\/b><\/h2>\n<p>Salari\u00e9s des entreprises de r\u00e9paration de dommages et de vitrage automobile, Salari\u00e9s des concessionnaires automobiles.<\/p>\n<h2><b>Inhoud<\/b><\/h2>\n<ul>\n<li>Conception et composants des syst\u00e8mes avant, arri\u00e8re et d&rsquo;ambiance avec cam\u00e9ras, aides au stationnement et assistants de stationnement<\/li>\n<li>D\u00e9fauts et possibilit\u00e9 d&rsquo;autodiagnostic gr\u00e2ce \u00e0 la saisie de la m\u00e9moire des d\u00e9fauts<\/li>\n<li>Lecture et interpr\u00e9tation des param\u00e8tres pertinents pour le syst\u00e8me<\/li>\n<li>L&rsquo;\u00e9talonnage des syst\u00e8mes d&rsquo;assistance par cam\u00e9ra avec l&rsquo;outil CSC-Tool et les proc\u00e9dures \u00e0 suivre avant cet \u00e9talonnage.<\/li>\n<\/ul>\n<h2><b>Informations importantes<\/b><\/h2>\n<p>Deze training heeft een duur van 1 dag. We verwachten van u dat u voorafgaand aan de training een voorbereidende e-learning module heeft afgerond, zodat we zoveel mogelijk bezig kunnen zijn met praktijkopdrachten. <\/p>\n<p>Na afloop van de training zullen we vastleggen dat u de vaardigheden beheerst om een kwalitatieve kalibratie uit te voeren, waarna u een certificaat zult ontvangen, welke aangeeft welke vaardigheden u beheerst.<\/p>\n<p>Tijdens de training kunt u genieten van een goede lunch. U kunt eventuele dieetwensen aan ons doorgeven, dan houden we hier rekening mee. <\/p>\n<p>&nbsp;<\/p>\n","protected":false},"excerpt":{"rendered":"<p>ADAS &#8211; configuration et \u00e9talonnage Les syst\u00e8mes d&rsquo;aide \u00e0 la conduite, ou syst\u00e8mes ADAS, sont aujourd&rsquo;hui plus la r\u00e8gle que l&rsquo;exception dans les parcs automobiles modernes. Que vous travailliez dans un atelier de carrosserie, de r\u00e9paration de pare-brise ou dans une entreprise automobile, tout le monde est confront\u00e9 \u00e0 ces syst\u00e8mes. Comment g\u00e9rer ces syst\u00e8mes [&hellip;]<\/p>\n","protected":false},"featured_media":8703,"comment_status":"open","ping_status":"closed","template":"","meta":{"_monsterinsights_skip_tracking":false,"_monsterinsights_sitenote_active":false,"_monsterinsights_sitenote_note":"","_monsterinsights_sitenote_category":0,"site-sidebar-layout":"default","site-content-layout":"default","ast-site-content-layout":"default","site-content-style":"default","site-sidebar-style":"default","ast-global-header-display":"","ast-banner-title-visibility":"","ast-main-header-display":"","ast-hfb-above-header-display":"","ast-hfb-below-header-display":"","ast-hfb-mobile-header-display":"","site-post-title":"","ast-breadcrumbs-content":"","ast-featured-img":"","footer-sml-layout":"","ast-disable-related-posts":"","theme-transparent-header-meta":"default","adv-header-id-meta":"","stick-header-meta":"default","header-above-stick-meta":"","header-main-stick-meta":"","header-below-stick-meta":"","astra-migrate-meta-layouts":"default","ast-page-background-enabled":"default","ast-page-background-meta":{"desktop":{"background-color":"var(--ast-global-color-4)","background-image":"","background-repeat":"repeat","background-position":"center center","background-size":"auto","background-attachment":"scroll","background-type":"","background-media":"","overlay-type":"","overlay-color":"","overlay-opacity":"","overlay-gradient":""},"tablet":{"background-color":"","background-image":"","background-repeat":"repeat","background-position":"center center","background-size":"auto","background-attachment":"scroll","background-type":"","background-media":"","overlay-type":"","overlay-color":"","overlay-opacity":"","overlay-gradient":""},"mobile":{"background-color":"","background-image":"","background-repeat":"repeat","background-position":"center center","background-size":"auto","background-attachment":"scroll","background-type":"","background-media":"","overlay-type":"","overlay-color":"","overlay-opacity":"","overlay-gradient":""}},"ast-content-background-meta":{"desktop":{"background-color":"var(--ast-global-color-5)","background-image":"","background-repeat":"repeat","background-position":"center center","background-size":"auto","background-attachment":"scroll","background-type":"","background-media":"","overlay-type":"","overlay-color":"","overlay-opacity":"","overlay-gradient":""},"tablet":{"background-color":"var(--ast-global-color-5)","background-image":"","background-repeat":"repeat","background-position":"center center","background-size":"auto","background-attachment":"scroll","background-type":"","background-media":"","overlay-type":"","overlay-color":"","overlay-opacity":"","overlay-gradient":""},"mobile":{"background-color":"var(--ast-global-color-5)","background-image":"","background-repeat":"repeat","background-position":"center center","background-size":"auto","background-attachment":"scroll","background-type":"","background-media":"","overlay-type":"","overlay-color":"","overlay-opacity":"","overlay-gradient":""}}},"product_brand":[],"product_cat":[256],"product_tag":[],"class_list":{"0":"post-8806","1":"product","2":"type-product","3":"status-publish","4":"has-post-thumbnail","6":"product_cat-systemes-daide-a-la-conduite","7":"bookacti-activity","8":"desktop-align-left","9":"tablet-align-left","10":"mobile-align-left","11":"ast-product-gallery-layout-horizontal","12":"ast-product-gallery-with-no-image","13":"ast-magnify-disabled","14":"ast-product-tabs-layout-horizontal","16":"first","17":"instock","18":"virtual","19":"sold-individually","20":"taxable","21":"purchasable","22":"product-type-simple"},"_links":{"self":[{"href":"https:\/\/hella.academy\/fr\/wp-json\/wp\/v2\/product\/8806","targetHints":{"allow":["GET"]}}],"collection":[{"href":"https:\/\/hella.academy\/fr\/wp-json\/wp\/v2\/product"}],"about":[{"href":"https:\/\/hella.academy\/fr\/wp-json\/wp\/v2\/types\/product"}],"replies":[{"embeddable":true,"href":"https:\/\/hella.academy\/fr\/wp-json\/wp\/v2\/comments?post=8806"}],"wp:featuredmedia":[{"embeddable":true,"href":"https:\/\/hella.academy\/fr\/wp-json\/wp\/v2\/media\/8703"}],"wp:attachment":[{"href":"https:\/\/hella.academy\/fr\/wp-json\/wp\/v2\/media?parent=8806"}],"wp:term":[{"taxonomy":"product_brand","embeddable":true,"href":"https:\/\/hella.academy\/fr\/wp-json\/wp\/v2\/product_brand?post=8806"},{"taxonomy":"product_cat","embeddable":true,"href":"https:\/\/hella.academy\/fr\/wp-json\/wp\/v2\/product_cat?post=8806"},{"taxonomy":"product_tag","embeddable":true,"href":"https:\/\/hella.academy\/fr\/wp-json\/wp\/v2\/product_tag?post=8806"}],"curies":[{"name":"wp","href":"https:\/\/api.w.org\/{rel}","templated":true}]}}