{"id":8847,"date":"2025-10-24T23:13:58","date_gmt":"2025-10-24T21:13:58","guid":{"rendered":"https:\/\/hella.academy\/?post_type=product&#038;p=8847"},"modified":"2025-10-24T23:15:43","modified_gmt":"2025-10-24T21:15:43","slug":"mega-macs-1-frans-utilisation-et-application","status":"publish","type":"product","link":"https:\/\/hella.academy\/fr\/product\/diagnostic\/mega-macs-1-frans-utilisation-et-application\/","title":{"rendered":"mega macs 1 Frans &#8211; utilisation et application"},"content":{"rendered":"<p>Un atelier en ligne enseignera \u00e0 tous les utilisateurs de l&rsquo;\u00e9quipement de diagnostic mega macs de Hella Gutmann Solutions les bonnes astuces pour travailler rapidement et efficacement avec l&rsquo;\u00e9quipement.<\/p>\n<p>Les th\u00e8mes abord\u00e9s sont les suivants<\/p>\n<ul>\n<li>Exploitation des donn\u00e9es et du portail HGS<\/li>\n<li>Lecture des codes d&rsquo;erreur<\/li>\n<li>Param\u00e8tres<\/li>\n<li>Test de l&rsquo;actionneur<\/li>\n<li>R\u00e9initialisation du service<\/li>\n<li>Param\u00e8tres de base<\/li>\n<li>Codes<\/li>\n<\/ul>\n<p>&nbsp;<\/p>\n","protected":false},"excerpt":{"rendered":"<p>Un atelier en ligne enseignera \u00e0 tous les utilisateurs de l&rsquo;\u00e9quipement de diagnostic mega macs de Hella Gutmann Solutions les bonnes astuces pour travailler rapidement et efficacement avec l&rsquo;\u00e9quipement. Les th\u00e8mes abord\u00e9s sont les suivants Exploitation des donn\u00e9es et du portail HGS Lecture des codes d&rsquo;erreur Param\u00e8tres Test de l&rsquo;actionneur R\u00e9initialisation du service Param\u00e8tres de [&hellip;]<\/p>\n","protected":false},"featured_media":8698,"comment_status":"open","ping_status":"closed","template":"","meta":{"_monsterinsights_skip_tracking":false,"_monsterinsights_sitenote_active":false,"_monsterinsights_sitenote_note":"","_monsterinsights_sitenote_category":0,"site-sidebar-layout":"default","site-content-layout":"default","ast-site-content-layout":"default","site-content-style":"default","site-sidebar-style":"default","ast-global-header-display":"","ast-banner-title-visibility":"","ast-main-header-display":"","ast-hfb-above-header-display":"","ast-hfb-below-header-display":"","ast-hfb-mobile-header-display":"","site-post-title":"","ast-breadcrumbs-content":"","ast-featured-img":"","footer-sml-layout":"","ast-disable-related-posts":"","theme-transparent-header-meta":"default","adv-header-id-meta":"","stick-header-meta":"default","header-above-stick-meta":"","header-main-stick-meta":"","header-below-stick-meta":"","astra-migrate-meta-layouts":"set","ast-page-background-enabled":"default","ast-page-background-meta":{"desktop":{"background-color":"var(--ast-global-color-4)","background-image":"","background-repeat":"repeat","background-position":"center center","background-size":"auto","background-attachment":"scroll","background-type":"","background-media":"","overlay-type":"","overlay-color":"","overlay-opacity":"","overlay-gradient":""},"tablet":{"background-color":"","background-image":"","background-repeat":"repeat","background-position":"center center","background-size":"auto","background-attachment":"scroll","background-type":"","background-media":"","overlay-type":"","overlay-color":"","overlay-opacity":"","overlay-gradient":""},"mobile":{"background-color":"","background-image":"","background-repeat":"repeat","background-position":"center center","background-size":"auto","background-attachment":"scroll","background-type":"","background-media":"","overlay-type":"","overlay-color":"","overlay-opacity":"","overlay-gradient":""}},"ast-content-background-meta":{"desktop":{"background-color":"var(--ast-global-color-5)","background-image":"","background-repeat":"repeat","background-position":"center center","background-size":"auto","background-attachment":"scroll","background-type":"","background-media":"","overlay-type":"","overlay-color":"","overlay-opacity":"","overlay-gradient":""},"tablet":{"background-color":"var(--ast-global-color-5)","background-image":"","background-repeat":"repeat","background-position":"center center","background-size":"auto","background-attachment":"scroll","background-type":"","background-media":"","overlay-type":"","overlay-color":"","overlay-opacity":"","overlay-gradient":""},"mobile":{"background-color":"var(--ast-global-color-5)","background-image":"","background-repeat":"repeat","background-position":"center center","background-size":"auto","background-attachment":"scroll","background-type":"","background-media":"","overlay-type":"","overlay-color":"","overlay-opacity":"","overlay-gradient":""}}},"product_brand":[],"product_cat":[253],"product_tag":[],"class_list":{"0":"post-8847","1":"product","2":"type-product","3":"status-publish","4":"has-post-thumbnail","6":"product_cat-diagnostic","7":"desktop-align-left","8":"tablet-align-left","9":"mobile-align-left","10":"ast-product-gallery-layout-horizontal","11":"ast-product-gallery-with-no-image","12":"ast-magnify-disabled","13":"ast-product-tabs-layout-horizontal","15":"first","16":"instock","17":"featured","18":"downloadable","19":"virtual","20":"taxable","21":"purchasable","22":"product-type-simple"},"_links":{"self":[{"href":"https:\/\/hella.academy\/fr\/wp-json\/wp\/v2\/product\/8847","targetHints":{"allow":["GET"]}}],"collection":[{"href":"https:\/\/hella.academy\/fr\/wp-json\/wp\/v2\/product"}],"about":[{"href":"https:\/\/hella.academy\/fr\/wp-json\/wp\/v2\/types\/product"}],"replies":[{"embeddable":true,"href":"https:\/\/hella.academy\/fr\/wp-json\/wp\/v2\/comments?post=8847"}],"wp:featuredmedia":[{"embeddable":true,"href":"https:\/\/hella.academy\/fr\/wp-json\/wp\/v2\/media\/8698"}],"wp:attachment":[{"href":"https:\/\/hella.academy\/fr\/wp-json\/wp\/v2\/media?parent=8847"}],"wp:term":[{"taxonomy":"product_brand","embeddable":true,"href":"https:\/\/hella.academy\/fr\/wp-json\/wp\/v2\/product_brand?post=8847"},{"taxonomy":"product_cat","embeddable":true,"href":"https:\/\/hella.academy\/fr\/wp-json\/wp\/v2\/product_cat?post=8847"},{"taxonomy":"product_tag","embeddable":true,"href":"https:\/\/hella.academy\/fr\/wp-json\/wp\/v2\/product_tag?post=8847"}],"curies":[{"name":"wp","href":"https:\/\/api.w.org\/{rel}","templated":true}]}}